{"id":76,"date":"2018-01-26T16:06:18","date_gmt":"2018-01-26T15:06:18","guid":{"rendered":"http:\/\/leichtathletik-nussloch.de\/v2\/?page_id=76"},"modified":"2024-10-14T21:56:30","modified_gmt":"2024-10-14T19:56:30","slug":"impressum","status":"publish","type":"page","link":"https:\/\/leichtathletik-nussloch.de\/v2\/?page_id=76","title":{"rendered":"Impressum"},"content":{"rendered":"<p><span style=\"color: #397cb3;\"><strong>Redaktion und Inhalte<\/strong><\/span><br \/>\nSG Nu\u00dfloch Abteilung Leichtathletik<br \/>\nKurpfalzstr. 75<br \/>\n69226 Nu\u00dfloch<\/p>\n<div><span style=\"color: #397cb3;\"><strong>Inhaltlich Verantwortlicher<\/strong><\/span><br \/>\nSG Nu\u00dfloch Abteilung Leichtathletik<\/div>\n<div>E-Mail:&nbsp;<a href=\"mailto:kontakt@leichtathletik-nussloch.de\">kontakt@leichtathletik-nussloch.de<\/a><\/div>\n<p><span style=\"color: #397cb3;\"><strong>Design und Technik<\/strong><\/span><br \/>\nJochen Fischer<br \/>\nE-Mail: <a href=\"mailto:jochen.fischer@leichtathletik-nussloch.de\">jochen.fischer@leichtathletik-nussloch.de<\/a><\/p>\n<p><span style=\"color: #397cb3;\"><strong>Haftungshinweis<\/strong><\/span><br \/>\nTrotz sorgf\u00e4ltiger inhaltlicher Kontrolle \u00fcbernehmen wir keine Haftung f\u00fcr die Inhalte externer Links.<br \/>\nF\u00fcr den Inhalt der verlinkten Seiten sind ausschliesslich deren verantwortliche Betreiber verantwortlich zu machen.<\/p>\n<p><span style=\"color: #397cb3;\"><strong>Nutzungsbedingungen www.leichtathletik-nussloch.de<\/strong><\/span><br \/>\nMit dem Zugriff auf die offiziellen Seiten der SG Nu\u00dfloch Abteilung Leichtathletik erkl\u00e4ren Sie sich mit den nachstehenden Nutzungsbedingungen einverstanden.<br \/>\nDie auf diesen Seiten enthaltenen Daten d\u00fcrfen ohne vorherige Genehmigung durch die SG Nu\u00dfloch Abteilung Leichtathletik in keine Form weder vollst\u00e4ndig noch auszugsweise vervielf\u00e4ltigt, weitergegeben oder verbreitet werden.<br \/>\nDie auf diesen Seiten verwendeten Grafiken, Abbildungen und Fotografien sind Eigentum der SG Nu\u00dfloch Abteilung Leichtathletik oder des jeweiligen genannten Rechteinhabers. Die SG Nu\u00dfloch Abteilung Leichtathletik \u00fcbernimmt weder ausdr\u00fccklich noch stillschweigend eine Haftung f\u00fcr die Richtigkeit oder Vollst\u00e4ndigkeit des Inhalts der Internetseiten der SG Nu\u00dfloch Abteilung Leichtathletik.<\/p>\n<p><span style=\"color: #397cb3;\"><strong>Links<\/strong><\/span><br \/>\nTrotz sorgf\u00e4ltiger inhaltlicher Kontrolle \u00fcbernehmen wir keine Haftung f\u00fcr die Inhalte externer Links. F\u00fcr die Inhalte der verlinkten Seiten sind ausschlie\u00dflich deren Betreiber verantwortlich.<\/p>\n<p><span style=\"color: #397cb3;\"><strong>Bilder<\/strong><\/span><br \/>\nFotos&nbsp;vom Nu\u00dflocher Wiesenlauf werden auf unserer Homepage ver\u00f6ffentlicht. Der Teilnehmer erkl\u00e4rt sich damit einverstanden, dass die im Zusammenhang mit seiner Teilnahme an der Veranstaltung gemachten Fotos ohne Anspruch auf Verg\u00fctung verbreitet und ver\u00f6ffentlicht werden d\u00fcrfen.<\/p>\n<p><span style=\"color: #397cb3;\"><strong>Copyright<\/strong><\/span><br \/>\nAlle Inhalte unterliegen dem Copyright der SG Nu\u00dfloch Abteilung Leichtathletik.&nbsp;Alle Rechte bleiben vorbehalten.<\/p>\n<p>&nbsp;<\/p>\n<p><a name=\"Datenschutzerkl\u00e4rung\"><\/a><\/p>\n<h2 style=\"color: #397cb3; text-align: center;\">Datenschutzerkl\u00e4rung<\/h2>\n<p>Die SG Nu\u00dfloch Abteilung Leichtathletik ist Teil der Sportgemeinschaft 1887 Nu\u00dfloch e.V. und h\u00e4lt sich an deren <a href=\"http:\/\/www.sg-nussloch.de\/cms\/iwebs\/default.aspx?mmid=9155&amp;smid=52031\" target=\"_blank\" rel=\"noopener\">Datenschutzerkl\u00e4rung<\/a>.<\/p>\n<p><span style=\"color: #397cb3;\"><b>Datenschutzerkl\u00e4rung f\u00fcr die Nutzung von Facebook-Plugins (Like-Button, Teilen-Button)<\/b><\/span><br \/>\nAuf unseren Seiten sind Plugins des sozialen Netzwerks Facebook, 1601 South California Avenue, Palo Alto, CA 94304, USA integriert. Die Facebook-Plugins erkennen Sie an dem Facebook-Logo oder dem &#8222;Like-Button&#8220; (&#8222;Gef\u00e4llt mir\u201c) bzw. &#8222;Share-Button&#8220; (&#8222;Teilen&#8220;) auf unserer Seite. Eine \u00dcbersicht \u00fcber die Facebook-Plugins finden Sie hier:&nbsp;<a href=\"http:\/\/developers.facebook.com\/docs\/plugins\/\" target=\"_blank\" rel=\"nofollow noopener noreferrer\">http:\/\/developers.facebook.com\/docs\/plugins\/<\/a>&nbsp;Wenn Sie unsere Seiten besuchen, wird \u00fcber das Plugin eine direkte Verbindung zwischen Ihrem Browser und dem Facebook-Server hergestellt. Facebook erh\u00e4lt dadurch die Information, dass Sie mit Ihrer IP-Adresse unsere Seite besucht haben. Wenn Sie den Facebook \u201eLike-Button\u201c \/ &#8222;Share Button&#8220; anklicken w\u00e4hrend Sie in Ihrem Facebook-Account eingeloggt sind, k\u00f6nnen Sie die Inhalte unserer Seiten auf Ihrem Facebook-Profil verlinken. Dadurch kann Facebook den Besuch unserer Seiten Ihrem Benutzerkonto zuordnen. Wir weisen darauf hin, dass wir als Anbieter der Seiten keine Kenntnis vom Inhalt der \u00fcbermittelten Daten sowie deren Nutzung durch Facebook erhalten. Weitere Informationen hierzu finden Sie in der Datenschutzerkl\u00e4rung von facebook unter&nbsp;<a href=\"https:\/\/de-de.facebook.com\/policy.php\" target=\"_blank\" rel=\"nofollow noopener noreferrer\">https:\/\/de-de.facebook.com\/policy.php<\/a><\/p>\n<p>Wenn Sie nicht w\u00fcnschen, dass Facebook den Besuch unserer Seiten Ihrem Facebook-Nutzerkonto zuordnen kann, loggen Sie sich bitte aus Ihrem Facebook-Benutzerkonto aus.<\/p>\n<p><em><strong>Quelle:<\/strong>&nbsp;<a href=\"https:\/\/www.e-recht24.de\/artikel\/datenschutz\/6590-facebook-like-button-datenschutz-disclaimer.html\" target=\"_blank\" rel=\"nofollow noopener noreferrer\">eRecht24.de<\/a><\/em><\/p>\n<p>Views: 3758<\/p>","protected":false},"excerpt":{"rendered":"<p>Redaktion und Inhalte SG Nu\u00dfloch Abteilung Leichtathletik Kurpfalzstr. 75 69226 Nu\u00dfloch Inhaltlich Verantwortlicher SG Nu\u00dfloch Abteilung Leichtathletik E-Mail:&nbsp;kontakt@leichtathletik-nussloch.de Design und Technik Jochen Fischer E-Mail: jochen.fischer@leichtathletik-nussloch.de Haftungshinweis Trotz sorgf\u00e4ltiger inhaltlicher Kontrolle \u00fcbernehmen wir keine Haftung f\u00fcr die Inhalte externer Links. F\u00fcr den Inhalt der verlinkten Seiten sind ausschliesslich deren verantwortliche Betreiber [&hellip;]<\/p>\n","protected":false},"author":1,"featured_media":0,"parent":0,"menu_order":0,"comment_status":"closed","ping_status":"closed","template":"template-fullwidth.php","meta":{"ngg_post_thumbnail":0,"footnotes":""},"class_list":["post-76","page","type-page","status-publish","hentry"],"_links":{"self":[{"href":"https:\/\/leichtathletik-nussloch.de\/v2\/index.php?rest_route=\/wp\/v2\/pages\/76","targetHints":{"allow":["GET"]}}],"collection":[{"href":"https:\/\/leichtathletik-nussloch.de\/v2\/index.php?rest_route=\/wp\/v2\/pages"}],"about":[{"href":"https:\/\/leichtathletik-nussloch.de\/v2\/index.php?rest_route=\/wp\/v2\/types\/page"}],"author":[{"embeddable":true,"href":"https:\/\/leichtathletik-nussloch.de\/v2\/index.php?rest_route=\/wp\/v2\/users\/1"}],"replies":[{"embeddable":true,"href":"https:\/\/leichtathletik-nussloch.de\/v2\/index.php?rest_route=%2Fwp%2Fv2%2Fcomments&post=76"}],"version-history":[{"count":10,"href":"https:\/\/leichtathletik-nussloch.de\/v2\/index.php?rest_route=\/wp\/v2\/pages\/76\/revisions"}],"predecessor-version":[{"id":6890,"href":"https:\/\/leichtathletik-nussloch.de\/v2\/index.php?rest_route=\/wp\/v2\/pages\/76\/revisions\/6890"}],"wp:attachment":[{"href":"https:\/\/leichtathletik-nussloch.de\/v2\/index.php?rest_route=%2Fwp%2Fv2%2Fmedia&parent=76"}],"curies":[{"name":"wp","href":"https:\/\/api.w.org\/{rel}","templated":true}]}}