{"id":6715,"date":"2023-11-10T21:20:53","date_gmt":"2023-11-10T20:20:53","guid":{"rendered":"http:\/\/leichtathletik-nussloch.de\/v2\/?page_id=6715"},"modified":"2023-11-10T22:19:38","modified_gmt":"2023-11-10T21:19:38","slug":"sportabzeichen-2024","status":"publish","type":"page","link":"https:\/\/leichtathletik-nussloch.de\/v2\/?page_id=6715","title":{"rendered":"Sportabzeichen 2024"},"content":{"rendered":"<p>Im Max-Berk-Stadion wird an folgenden Terminen das <a href=\"https:\/\/www.deutsches-sportabzeichen.de\/\" target=\"_blank\" rel=\"noopener noreferrer\">Sportabzeichen<\/a> abgenommen:<\/p>\n<table style=\"width: 39.5299%; border-collapse: collapse; border-style: solid; border-color: #000000;\">\n<tbody>\n<tr>\n<th style=\"width: 14.8256%; border-color: #000000; background-color: #397cb3;\" scope=\"row\"><span style=\"color: #ffffff;\"><strong>Tag<\/strong><\/span><\/th>\n<th style=\"width: 12.1638%; border-color: #000000; background-color: #397cb3;\" scope=\"row\"><span style=\"color: #ffffff;\"><strong>Datum<\/strong><\/span><\/th>\n<th style=\"width: 12.6411%; border-color: #000000; background-color: #397cb3;\" scope=\"row\"><span style=\"color: #ffffff;\"><strong>Uhrzeit<\/strong><\/span><\/th>\n<\/tr>\n<tr>\n<td style=\"width: 14.8256%;\">Samstag<\/td>\n<td style=\"width: 12.1638%; text-align: center;\">11.05.<\/td>\n<td style=\"width: 12.6411%; text-align: center;\">10:00<\/td>\n<\/tr>\n<tr>\n<td style=\"width: 14.8256%;\">Donnerstag<\/td>\n<td style=\"width: 12.1638%; text-align: center;\">20.06.<\/td>\n<td style=\"width: 12.6411%; text-align: center;\">18:00<\/td>\n<\/tr>\n<tr>\n<td style=\"width: 14.8256%;\">Freitag<\/td>\n<td style=\"width: 12.1638%; text-align: center;\">19.07.<\/td>\n<td style=\"width: 12.6411%; text-align: center;\">18:00<\/td>\n<\/tr>\n<tr>\n<td style=\"width: 14.8256%;\">Samstag<\/td>\n<td style=\"width: 12.1638%; text-align: center;\">14.09.<\/td>\n<td style=\"width: 12.6411%; text-align: center;\">10:00<\/td>\n<\/tr>\n<\/tbody>\n<\/table>\n<p>Eine Voranmeldung bei Rolf Rensch (<a href=\"mailto:rolf.rensch@leichtathletik-nussloch.de\">mailto:rolf.rensch@leichtathletik-nussloch.de<\/a>) f\u00fcr die oben genannten Termine ist zwingend erforderlich.<\/p>\n<p>F\u00fcr weitere Fragen steht Rolf Rensch (<a href=\"mailto:rolf.rensch@leichtathletik-nussloch.de\">rolf.rensch@leichtathletik-nussloch.de<\/a>) gerne zur Verf\u00fcgung.<\/p>\n<p>Den Leistungskatalog findet ihr <a href=\"https:\/\/cdn.dosb.de\/user_upload\/www.deutsches-sportabzeichen.de\/Materialien\/2021\/DSA_Leistungsuebersicht_Erwachsene_A4_2021.pdf\" target=\"_blank\" rel=\"noopener noreferrer\">hier<\/a>.<\/p>\n<p>Views: 288<\/p>","protected":false},"excerpt":{"rendered":"<p>Im Max-Berk-Stadion wird an folgenden Terminen das Sportabzeichen abgenommen: Tag Datum Uhrzeit Samstag 11.05. 10:00 Donnerstag 20.06. 18:00 Freitag 19.07. 18:00 Samstag 14.09. 10:00 Eine Voranmeldung bei Rolf Rensch (mailto:rolf.rensch@leichtathletik-nussloch.de) f\u00fcr die oben genannten Termine ist zwingend erforderlich. F\u00fcr weitere Fragen steht Rolf Rensch (rolf.rensch@leichtathletik-nussloch.de) gerne zur Verf\u00fcgung. Den Leistungskatalog [&hellip;]<\/p>\n","protected":false},"author":1,"featured_media":0,"parent":0,"menu_order":0,"comment_status":"closed","ping_status":"closed","template":"template-fullwidth.php","meta":{"ngg_post_thumbnail":0,"footnotes":""},"class_list":["post-6715","page","type-page","status-publish","hentry"],"_links":{"self":[{"href":"https:\/\/leichtathletik-nussloch.de\/v2\/index.php?rest_route=\/wp\/v2\/pages\/6715","targetHints":{"allow":["GET"]}}],"collection":[{"href":"https:\/\/leichtathletik-nussloch.de\/v2\/index.php?rest_route=\/wp\/v2\/pages"}],"about":[{"href":"https:\/\/leichtathletik-nussloch.de\/v2\/index.php?rest_route=\/wp\/v2\/types\/page"}],"author":[{"embeddable":true,"href":"https:\/\/leichtathletik-nussloch.de\/v2\/index.php?rest_route=\/wp\/v2\/users\/1"}],"replies":[{"embeddable":true,"href":"https:\/\/leichtathletik-nussloch.de\/v2\/index.php?rest_route=%2Fwp%2Fv2%2Fcomments&post=6715"}],"version-history":[{"count":1,"href":"https:\/\/leichtathletik-nussloch.de\/v2\/index.php?rest_route=\/wp\/v2\/pages\/6715\/revisions"}],"predecessor-version":[{"id":6716,"href":"https:\/\/leichtathletik-nussloch.de\/v2\/index.php?rest_route=\/wp\/v2\/pages\/6715\/revisions\/6716"}],"wp:attachment":[{"href":"https:\/\/leichtathletik-nussloch.de\/v2\/index.php?rest_route=%2Fwp%2Fv2%2Fmedia&parent=6715"}],"curies":[{"name":"wp","href":"https:\/\/api.w.org\/{rel}","templated":true}]}}