{"id":64,"date":"2018-01-26T15:55:42","date_gmt":"2018-01-26T14:55:42","guid":{"rendered":"http:\/\/leichtathletik-nussloch.de\/v2\/?page_id=64"},"modified":"2021-11-24T23:49:20","modified_gmt":"2021-11-24T22:49:20","slug":"geschichte","status":"publish","type":"page","link":"https:\/\/leichtathletik-nussloch.de\/v2\/?page_id=64","title":{"rendered":"Geschichte"},"content":{"rendered":"<p><i>Altius, citius, fortius &#8211;&nbsp;<\/i><br \/>\ndas ist Leichtathletik unter dem Aspekt der H\u00f6chstleistung, das ist die Bereitschaft in Training und Wettkampf an seine physischen und psychischen Grenzen zu gehen. Wo sonst kann man so genau seine individuellen Grenzen kennenlernen;<br \/>\n<i>ut sit mens sana in corpore sanG &#8211;&nbsp;<\/i><br \/>\ndas ist Leichtathletik f\u00fcr alle, denn Laufen, Springen und Werfen kann jeder.<br \/>\nLeichtathletik, das ist Trainieren miteinander in der Gruppe.<br \/>\nLeichtathletik, das ist fairer Wettkampf Athlet gegen Athlet.<br \/>\nLeichtathletik, das ist Grundlage jeder k\u00f6rperlichen Erziehung, das ist aber auch einfach Spa\u00df an der Bewegung.<br \/>\nMan darf die Leichtathletik wohl getrost zu den \u00e4ltesten Sportarten z\u00e4hlen. So bildet die Leichtathletik auch das historische Kernst\u00fcck der Olympischen Spiele. Im Gegensatz zur Geschichte stellt die Abteilung Leichtathletik in der SG 1887 Nu\u00dfloch e. V. das j\u00fcngste Kind. Die Mutter der Leichtathletik-Abteilung war die Turnabteilung. Als Initiatoren und treibende Kr\u00e4fte m\u00fcssen hier sicher unter anderen die Namen Gabi und Wolfgang Antritter, B\u00fcrgermeister a. D. Feil, Gerhard Leypold, Gisela und Dr. Roland Pressler<\/p>\n<p><img loading=\"lazy\" decoding=\"async\" class=\"wp-image-66 aligncenter\" src=\"https:\/\/leichtathletik-nussloch.de\/v2\/wp-content\/uploads\/2018\/01\/vorstand-alt-300x208.jpg\" alt=\"\" width=\"525\" height=\"364\" srcset=\"https:\/\/leichtathletik-nussloch.de\/v2\/wp-content\/uploads\/2018\/01\/vorstand-alt-300x208.jpg 300w, https:\/\/leichtathletik-nussloch.de\/v2\/wp-content\/uploads\/2018\/01\/vorstand-alt.jpg 500w\" sizes=\"auto, (max-width: 525px) 100vw, 525px\" \/><\/p>\n<p><i>Abteilungsleitung, von Links: Werner Schneider(Schriftf\u00fchrer), Gisela Pressler (stellv. Abt.-Leiterin), Stefan Schneider(Abt.-Leiter), Wilhelm Trost (Kassier).<\/i><\/p>\n<p>und Jochen Reske genannt werden, die einerseits hinsichtlich der Kunststoffanlage im Max-Berk-Stadion f\u00fcr die M\u00f6glichkeit des optimalen Trainings verantwortlich zeichneten, andererseits erste Impulse im Bereich des aktiven, sportlichen Engagements als aktive L\u00e4ufer bzw. \u00dcbungsleiter setzten.<br \/>\nBald zeigte sich das wachsende Interesse seitens der Nu\u00dflocher Bev\u00f6lkerung, und mehr und mehr stellte sich die Frage nach Eigenst\u00e4ndigkeit. So kam es am 16. M\u00e4rz 1984 zur Gr\u00fcndung der Leichtathletik-Abteilung innerhalb der Sportgemeinde 1887 Nu\u00dfloch e. V. mit folgender Vorstandschaft:<\/p>\n<p>1. Abteilungsleiter: Stefan Schneider<br \/>\n2. Abteilungsleiter: Gisela Pressier<br \/>\nSchriftf\u00fchrer: Werner Schneider<br \/>\nKassenwart: Wilhelm Trost<br \/>\nBeisitzer: Wolfgang Antritter, Fritz Roth<br \/>\nPressewart: Gabriele Antritter<br \/>\nKassenpr\u00fcfer: Hans Sch\u00fcssler, Fritz Roth<br \/>\nGer\u00e4tewart: Werner Schneider, Carolin Trost<\/p>\n<p>Dass mit den hier genannten Namen nat\u00fcrlich nicht alle Namen aufgef\u00fchrt sind, ist selbstverst\u00e4ndlich. Ohne eine Vielzahl von Helfern, ohne die Unterst\u00fctzung der Gemeinde, der gesamten Sportgemeinde und der guten Zusammenarbeit mit den Abteilungen w\u00e4re die positive Entwicklung der ersten Jahre sicher nicht denkbar gewesen.<br \/>\nAls Zeichen der guten Zusammenarbeit innerhalb und au\u00dferhalb der Abteilung darf man wohl die Wiederwahl der Abteilungsleitung am 21. 3. 1986 werten. Erweitert wurde die Abteilungsleitung um Franz Maier (Beisitzer), Werner K\u00f6rper (Kassenpr\u00fcfer) und Friederike Maier (Presse).<br \/>\nDas diese Abteilungsleitungsmitglieder aber nicht nur Sitzungen abhalten k\u00f6nnen, sondern auch &#8211; vielleicht ist gerade dies das Geheimnis der guten Zusammenarbeit &#8211; aktiv Sport betreiben, will mit folgenden Worten erl\u00e4utert sein:<br \/>\nDie ersten Wettkampfaktivit\u00e4ten entwickelten die L\u00e4ufer. Nach dem Motto: &#8222;Je l\u00e4nger die Strecke, desto besser&#8220;, schickten sich Dr. Roland Pressier, Wolfgang und Gabi Antritter und nach und nach insgesamt 10 L\u00e4ufer an, den Marathon (42,195 km) in Angriff zu nehmen, wobei 1985 beim H\u00f6chst-Marathon in Frankfurt gleich 8 L\u00e4ufer an den Start gingen. Die Faszination dieses Ereignisses kann man eigentlich nicht beschreiben, das mu\u00df man einfach einmal miterlebt haben. So wurden s\u00e4mtliche Nu\u00dflocher Teilnehmer durch Tausende von Zuschauern am Stra\u00dfenrand und nicht zuletzt durch ihre Betreuer zu pers\u00f6nlichen Bestleistungen angetrieben. Aus diesem Kreis, in dem jeder f\u00fcr sich eine kaum vorstellbare Leistung erbringt, einen einzelnen herauszugreifen, f\u00e4llt schwer, doch hat Franz Maier mit seinen ausgezeichneten Zeiten des \u00d6fteren f\u00fcr Furore gesorgt. Bei den Damen war es seine Schwester Friederike, die ihren Konkurrentinnen des \u00d6fteren das Nachsehen gab. 1985 wurden dann insgesamt 1 131,5 km auf Wettk\u00e4mpfen durch unsere L\u00e4ufer zur\u00fcckgelegt.<br \/>\nNach ersten Wettk\u00e4mpfen im Jahre 1984 besuchten die J\u00fcngsten der Abteilung 1985 erstmals Kreismeisterschaften, wobei deutlich wurde, dass in Nu\u00dfloch schnelle M\u00e4dels und Jungs zu Hause sind. Hatte man sich im Jahr 1986 dann auf Kreisebene etabliert, gelang es einzelnen Aktiven auf badische Ebene vorzusto\u00dfen. Das in der Leichtathletik auch Fortuna eine Rolle spielt, mussten unsere j\u00fcngsten Teilnehmerinnen &#8211; Ninette Antritter, Sonja Kreuzwieser, Birgit Renseh, Rita Sattler und Yvonne Trost &#8211; auf den badischen Titelk\u00e4mpfen in Denzlingen erfahren. Mit guten Aussichten, zumindest badischer Vizemeister zu werden, machte ein Missgeschick beim Wechsel der Staffel, die auf den Kreismeisterschaften noch mit gro\u00dfem Abstand zu Meisterehren gelangt war, alle Titelambitionen zunichte. Trotz allem war der 5. Gesamtplatz eine der herausragenden Leistungen der Saison 1986.<\/p>\n<p>Auf sich aufmerksam machte auch Christina Gathmann. Guten Wettk\u00e4mpfen auf Kreisebene mit sehr guten Ergebnissen und dem 1. Meistertitel f\u00fcr die Leichtathletik-Abteilung \u00fcber 400 m folgte dann das Deb\u00fct auf den badischen Titelk\u00e4mpfen. Im F\u00fcnfkampf endete in Bad Rappenau der Wettkampf mit einem ausgezeichneten 8. Platz. Eine Steigerung gab es dann noch einmal bei den Einzelmeisterschaften in Ettlingen. Nach dem Erreichen des Weitsprungfinales und dem 7. Platz verpasste sie als 7. der Vorl\u00e4ufe \u00fcber 400 m mit 3 Hundertstelsekunden nur denkbar knapp das Finale, was dennoch Qualifikation f\u00fcr die baden-w\u00fcrttembergischen Meisterschaften bedeutete. Der hier belegte 17. Platz \u00fcber 400 m setzte hinsichtlich der Tatsache, da\u00df bis zu 3 Jahre \u00e4ltere Aktive an den Start gingen, den abschlie\u00dfenden H\u00f6hepunkt.<\/p>\n<p>So stellte sich die Leichtathletik-Abteilung aus Nu\u00dfloch \u00fcberregional dar. Den Gegenpol dazu liefert die sehr aktive Arbeit innerhalb der Gemeinde. Mit der Ausrichtung des Gemeindesporttages, des am 14. Juni 1986 erstmals veranstalteten Int. Volkslaufes, gestartet durch B\u00fcrgermeister Bauch, der Durchf\u00fchrung von Kreismeisterschaften und der regelm\u00e4\u00dfigen Sportabzeichenabnahme wurde oft genug das Organisationstalent der vielen Helfer erprobt, die in unz\u00e4hligen Stunden f\u00fcr den reibungslosen Ablauf der Veranstaltungen im Einsatz waren. Unerw\u00e4hnt sollen auch nicht unsere 9 \u00dcbungsleiter bleiben, die sich f\u00fcr den Trainingsbetrieb von Lauftreff (Gabi Antritter), Jugendtraining (Franz Maier, Stefan Schneider), Sch\u00fclertraining (Gisela Pressier, Carolin Trost, Friederike und Franz Maier, J\u00fcrgen Sternberger, Erhard Schneewei\u00df, Werner und Stefan Schneider) verantwortlich zeichnen. So m\u00f6chte ich mich an dieser Stelle ganz herzlich bei allen genannten und ungenannten Helfern bedanken, genauso wie bei allen Abteilungen der Sportgemeinde und der Vorstandschaft unter Vorsitz von Wolfgang Schneider und Werner G\u00e4nzler f\u00fcr ihr Wohlwollen mit dem j\u00fcngsten Kind der Sportgemeinde.<br \/>\nBleibt nur zu hoffen, dass der Enthusiasmus der Gr\u00fcnderjahre erhalten bleibt und man auch in Zukunft sagen kann:<\/p>\n<p>Leichtathletik macht Spa\u00df in der Sportgemeinde.<\/p>\n<p>Views: 2521<\/p>","protected":false},"excerpt":{"rendered":"<p>Altius, citius, fortius &#8211;&nbsp; das ist Leichtathletik unter dem Aspekt der H\u00f6chstleistung, das ist die Bereitschaft in Training und Wettkampf an seine physischen und psychischen Grenzen zu gehen. Wo sonst kann man so genau seine individuellen Grenzen kennenlernen; ut sit mens sana in corpore sanG &#8211;&nbsp; das ist Leichtathletik f\u00fcr [&hellip;]<\/p>\n","protected":false},"author":1,"featured_media":0,"parent":0,"menu_order":0,"comment_status":"closed","ping_status":"closed","template":"template-fullwidth.php","meta":{"ngg_post_thumbnail":0,"footnotes":""},"class_list":["post-64","page","type-page","status-publish","hentry"],"_links":{"self":[{"href":"https:\/\/leichtathletik-nussloch.de\/v2\/index.php?rest_route=\/wp\/v2\/pages\/64","targetHints":{"allow":["GET"]}}],"collection":[{"href":"https:\/\/leichtathletik-nussloch.de\/v2\/index.php?rest_route=\/wp\/v2\/pages"}],"about":[{"href":"https:\/\/leichtathletik-nussloch.de\/v2\/index.php?rest_route=\/wp\/v2\/types\/page"}],"author":[{"embeddable":true,"href":"https:\/\/leichtathletik-nussloch.de\/v2\/index.php?rest_route=\/wp\/v2\/users\/1"}],"replies":[{"embeddable":true,"href":"https:\/\/leichtathletik-nussloch.de\/v2\/index.php?rest_route=%2Fwp%2Fv2%2Fcomments&post=64"}],"version-history":[{"count":4,"href":"https:\/\/leichtathletik-nussloch.de\/v2\/index.php?rest_route=\/wp\/v2\/pages\/64\/revisions"}],"predecessor-version":[{"id":5537,"href":"https:\/\/leichtathletik-nussloch.de\/v2\/index.php?rest_route=\/wp\/v2\/pages\/64\/revisions\/5537"}],"wp:attachment":[{"href":"https:\/\/leichtathletik-nussloch.de\/v2\/index.php?rest_route=%2Fwp%2Fv2%2Fmedia&parent=64"}],"curies":[{"name":"wp","href":"https:\/\/api.w.org\/{rel}","templated":true}]}}