{"id":299,"date":"2018-01-29T22:52:30","date_gmt":"2018-01-29T21:52:30","guid":{"rendered":"http:\/\/leichtathletik-nussloch.de\/v2\/?page_id=299"},"modified":"2018-02-21T12:21:49","modified_gmt":"2018-02-21T11:21:49","slug":"startgeld","status":"publish","type":"page","link":"https:\/\/leichtathletik-nussloch.de\/v2\/?page_id=299","title":{"rendered":"Startgelderstattung"},"content":{"rendered":"<h6><em>Ver\u00f6ffentlicht am 21.02.2018<\/em><\/h6>\n<h3>Beschluss der Leichtathletik<\/h3>\n<p>Wir m\u00f6chten die Volksl\u00e4ufe in unserer Region unterst\u00fctzen und haben deshalb beschlossen die Startgelder f\u00fcr alle Mitglieder von bis zu <strong>40 Euro im Jahr<\/strong> mit Quittung zu erstatten. Einzureichen sind die Quittungen bis sp\u00e4testens 20.12. des jeweiligen Jahres bei Ute Otzen <a href=\"mailto:ute.otzen@leichtathletik-nussloch.de\">(ute.otzen@leichtathletik-nussloch.de).<\/a>&nbsp;Bitte gebt f\u00fcr die Erstattung eure IBAN an.<\/p>\n<p>Folgende L\u00e4ufe werden unterst\u00fctzt:<\/p>\n<ul>\n<li>Dreik\u00f6nigslauf in Dielheim<\/li>\n<li>Germanenlauf in St. Ilgen<\/li>\n<li>Stadtlauf in Wiesloch<\/li>\n<li>Fr\u00fchlingslauf in Rot<\/li>\n<li>D\u00fcnenlauf in Sandhausn<\/li>\n<li>Golfparklauf in Rot<\/li>\n<li>Nikolauslauf in Bad Sch\u00f6nborn (auch f\u00fcr unserer Walker interessant)<\/li>\n<li>f\u00fcr die Walker z\u00e4hlt auch noch der Walkingtag in Dilsberg<\/li>\n<\/ul>\n<p>Eure Vorstandschaft<\/p>\n<p>Views: 1792<\/p>","protected":false},"excerpt":{"rendered":"<p>Ver\u00f6ffentlicht am 21.02.2018 Beschluss der Leichtathletik Wir m\u00f6chten die Volksl\u00e4ufe in unserer Region unterst\u00fctzen und haben deshalb beschlossen die Startgelder f\u00fcr alle Mitglieder von bis zu 40 Euro im Jahr mit Quittung zu erstatten. Einzureichen sind die Quittungen bis sp\u00e4testens 20.12. des jeweiligen Jahres bei Ute Otzen (ute.otzen@leichtathletik-nussloch.de).&nbsp;Bitte gebt f\u00fcr [&hellip;]<\/p>\n","protected":false},"author":1,"featured_media":0,"parent":0,"menu_order":0,"comment_status":"closed","ping_status":"closed","template":"template-fullwidth.php","meta":{"ngg_post_thumbnail":0,"footnotes":""},"class_list":["post-299","page","type-page","status-publish","hentry"],"_links":{"self":[{"href":"https:\/\/leichtathletik-nussloch.de\/v2\/index.php?rest_route=\/wp\/v2\/pages\/299","targetHints":{"allow":["GET"]}}],"collection":[{"href":"https:\/\/leichtathletik-nussloch.de\/v2\/index.php?rest_route=\/wp\/v2\/pages"}],"about":[{"href":"https:\/\/leichtathletik-nussloch.de\/v2\/index.php?rest_route=\/wp\/v2\/types\/page"}],"author":[{"embeddable":true,"href":"https:\/\/leichtathletik-nussloch.de\/v2\/index.php?rest_route=\/wp\/v2\/users\/1"}],"replies":[{"embeddable":true,"href":"https:\/\/leichtathletik-nussloch.de\/v2\/index.php?rest_route=%2Fwp%2Fv2%2Fcomments&post=299"}],"version-history":[{"count":10,"href":"https:\/\/leichtathletik-nussloch.de\/v2\/index.php?rest_route=\/wp\/v2\/pages\/299\/revisions"}],"predecessor-version":[{"id":874,"href":"https:\/\/leichtathletik-nussloch.de\/v2\/index.php?rest_route=\/wp\/v2\/pages\/299\/revisions\/874"}],"wp:attachment":[{"href":"https:\/\/leichtathletik-nussloch.de\/v2\/index.php?rest_route=%2Fwp%2Fv2%2Fmedia&parent=299"}],"curies":[{"name":"wp","href":"https:\/\/api.w.org\/{rel}","templated":true}]}}